{"id":51,"date":"2015-02-21T12:00:11","date_gmt":"2015-02-21T12:00:11","guid":{"rendered":"http:\/\/jovanovicplast.com\/?page_id=51"},"modified":"2015-03-14T15:00:09","modified_gmt":"2015-03-14T15:00:09","slug":"politika","status":"publish","type":"page","link":"https:\/\/jovanovicplast.com\/?page_id=51","title":{"rendered":"POLITIKA"},"content":{"rendered":"<div id=\"pl-51\"  class=\"panel-layout\" ><div id=\"pg-51-0\"  class=\"panel-grid panel-no-style\" ><div id=\"pgc-51-0-0\"  class=\"panel-grid-cell\" ><div id=\"panel-51-0-0-0\" class=\"so-panel widget widget_black-studio-tinymce widget_black_studio_tinymce panel-first-child panel-last-child\" data-index=\"0\" ><div class=\"panel-widget-style panel-widget-style-for-51-0-0-0\" ><div class=\"textwidget\"><p style=\"text-align: justify;\">Od svog osnivanja firma <strong>Jovanovi\u0107 Plast\u00a0<\/strong>vjeruje da je dobra politika kvalitete klju\u010d uspje\u0161nog poslovanja, te temelj na\u0161eg dosada\u0161njeg i budu\u0107eg uspjeha.<\/p>\n<p style=\"text-align: justify;\">Na tr\u017ei\u0161tu smo postali prepoznatljivi po kvalitetu na\u0161ih proizvoda, po\u0161tivanju ugovorenih rokova i profesionalno\u0161\u0107u.<\/p>\n<p style=\"text-align: justify;\">Prati nas 19-godi\u0161nje iskustvo, stru\u010dni zaposlenici i kompletna mehanizacija potrebna za kvalitetnu izradu na\u0161ih proizvoda.<\/p>\n<p style=\"text-align: justify;\">Brojne reference i preporuke naru\u010dilaca svjedo\u010de uspje\u0161noj saradnji i kvalitetu isporu\u010denih proizvoda.<\/p>\n<p style=\"text-align: justify;\">Na\u0161a politika kvalitete zasniva se na uspje\u0161nom spoju stru\u010dne kompetencije, tehni\u010dke opremljenosti.<\/p>\n<p style=\"text-align: justify;\">Usmjerenost na potrebe i zadovoljstvo naru\u010dioca izvr\u0161enim poslom, brzina i kompletnost isporuke, kao i po\u0161tivanje svih ugovornih ta\u010dki najva\u017enije su vrijednosti na\u0161e politike kvaliteta.<\/p>\n<p style=\"text-align: justify;\">Tako\u0111e po ovim kriterijima mjerimo i odre\u0111ujemo svoju uspje\u0161nost poslovanja.<\/p>\n<\/div><\/div><\/div><\/div><div id=\"pgc-51-0-1\"  class=\"panel-grid-cell\" ><div id=\"panel-51-0-1-0\" class=\"so-panel widget widget_black-studio-tinymce widget_black_studio_tinymce panel-first-child panel-last-child\" data-index=\"1\" ><div class=\"panel-widget-style panel-widget-style-for-51-0-1-0\" ><h3 class=\"widget-title\">Poslovni ciljevi<\/h3><div class=\"textwidget\"><div class=\"text\">\n<p style=\"text-align: justify;\"><a href=\"https:\/\/jovanovicplast.com\/wp-content\/uploads\/2015\/02\/Natasa_web.jpg\"><img loading=\"lazy\" decoding=\"async\" class=\"alignright wp-image-308 size-medium\" src=\"https:\/\/jovanovicplast.com\/wp-content\/uploads\/2015\/02\/Natasa_web-300x217.jpg\" alt=\"Natasa_web\" width=\"300\" height=\"217\" \/><\/a>Da bismo ispunjavali i osna\u017eivali na\u0161a na\u010dela poslovanja, svoje poslovne aktivnosti usmjeravamo ka ostvarivanju sljede\u0107ih klju\u010dnih poslovnih ciljeva:<\/p>\n<ul>\n<li>proaktivan pristup u postizanju punog zadovoljstva svih korisnika na\u0161ih proizvoda<\/li>\n<li>kontinuiran razvoj i unapre\u0111ivanje proizvoda i na\u010dina poslovanja<\/li>\n<li>korektan odnos prema korisnicima, poslovnim partnerima, konkurentima i kolegama<\/li>\n<li>odr\u017eavanje postoje\u0107ih standarda kvalitete kao i postavljatnje ambicioznih ciljeva konstantnog unapre\u0111enja prema najnovijim svjetskim standardima<\/li>\n<li>profesionalno usavr\u0161avanje i zadr\u017eavanje kvalifovanog osoblja<\/li>\n<li>unapre\u0111enje profitabilnosti poslovanja<\/li>\n<li>odr\u017eavanje pozitivnog imid\u017ea firme u javnosti<\/li>\n<\/ul>\n<\/div>\n<\/div><\/div><\/div><\/div><\/div><\/div>","protected":false},"excerpt":{"rendered":"<p>Od svog osnivanja firma Jovanovi\u0107 Plast\u00a0vjeruje da je dobra politika kvalitete klju\u010d uspje\u0161nog poslovanja, te temelj na\u0161eg dosada\u0161njeg i budu\u0107eg uspjeha.Na tr\u017ei\u0161tu smo postali prepoznatljivi po kvalitetu na\u0161ih proizvoda, po\u0161tivanju ugovorenih rokova i profesionalno\u0161\u0107u.Prati nas 19-godi\u0161nje iskustvo, stru\u010dni zaposlenici i kompletna mehanizacija potrebna za kvalitetnu izradu na\u0161ih proizvoda.Brojne reference i preporuke naru\u010dilaca svjedo\u010de uspje\u0161noj saradnji&#8230;<\/p>\n","protected":false},"author":1,"featured_media":0,"parent":0,"menu_order":0,"comment_status":"closed","ping_status":"closed","template":"templates\/fullwidth.php","meta":{"footnotes":""},"class_list":["post-51","page","type-page","status-publish","hentry","page-entry","loop-entry clr"],"_links":{"self":[{"href":"https:\/\/jovanovicplast.com\/index.php?rest_route=\/wp\/v2\/pages\/51","targetHints":{"allow":["GET"]}}],"collection":[{"href":"https:\/\/jovanovicplast.com\/index.php?rest_route=\/wp\/v2\/pages"}],"about":[{"href":"https:\/\/jovanovicplast.com\/index.php?rest_route=\/wp\/v2\/types\/page"}],"author":[{"embeddable":true,"href":"https:\/\/jovanovicplast.com\/index.php?rest_route=\/wp\/v2\/users\/1"}],"replies":[{"embeddable":true,"href":"https:\/\/jovanovicplast.com\/index.php?rest_route=%2Fwp%2Fv2%2Fcomments&post=51"}],"version-history":[{"count":26,"href":"https:\/\/jovanovicplast.com\/index.php?rest_route=\/wp\/v2\/pages\/51\/revisions"}],"predecessor-version":[{"id":310,"href":"https:\/\/jovanovicplast.com\/index.php?rest_route=\/wp\/v2\/pages\/51\/revisions\/310"}],"wp:attachment":[{"href":"https:\/\/jovanovicplast.com\/index.php?rest_route=%2Fwp%2Fv2%2Fmedia&parent=51"}],"curies":[{"name":"wp","href":"https:\/\/api.w.org\/{rel}","templated":true}]}}